{"id":22,"date":"2024-03-25T20:47:19","date_gmt":"2024-03-25T20:47:19","guid":{"rendered":"https:\/\/daniel-reyes.webaniel.com\/?page_id=22"},"modified":"2024-04-22T12:53:38","modified_gmt":"2024-04-22T12:53:38","slug":"experiencia-laboral","status":"publish","type":"page","link":"https:\/\/daniel-reyes.webaniel.com\/?page_id=22","title":{"rendered":"Experiencia laboral"},"content":{"rendered":"\n<p>T\u00e9cnico de Mesa de ayuda, nivel I<\/p>\n\n\n\n<ul>\n<li>Empresa: Kenos &#8211; Proyecto Liverpool<\/li>\n\n\n\n<li>Periodo: Enero, 2020 &#8211; Marzo, 2021<\/li>\n<\/ul>\n\n\n\n<p>T\u00e9cnico de Mesa de ayuda, nivel II<\/p>\n\n\n\n<ul>\n<li>Empresa: Kenos &#8211; Proyecto Liverpool<\/li>\n\n\n\n<li>Periodo: Marzo, 2021 &#8211; Mayo, 2022<\/li>\n<\/ul>\n\n\n\n<p>Ingeniero de Servicio en campo<\/p>\n\n\n\n<ul>\n<li>Empresa: Services and Computer (CNS)<\/li>\n\n\n\n<li>Periodo: Mayo, 2022 &#8211; Julio, 2022<\/li>\n<\/ul>\n\n\n\n<p>Ingeniero de Soporte t\u00e9cnico<\/p>\n\n\n\n<ul>\n<li>Empresa: Cuidado con el Perro<\/li>\n\n\n\n<li>Periodo: Septiembre, 2022 &#8211; Actualmente<\/li>\n<\/ul>\n","protected":false},"excerpt":{"rendered":"<p>T\u00e9cnico de Mesa de ayuda, nivel I T\u00e9cnico de Mesa de ayuda, nivel II Ingeniero de Servicio en campo Ingeniero de Soporte t\u00e9cnico<\/p>\n","protected":false},"author":1,"featured_media":0,"parent":0,"menu_order":0,"comment_status":"closed","ping_status":"closed","template":"","meta":{"footnotes":""},"_links":{"self":[{"href":"https:\/\/daniel-reyes.webaniel.com\/index.php?rest_route=\/wp\/v2\/pages\/22"}],"collection":[{"href":"https:\/\/daniel-reyes.webaniel.com\/index.php?rest_route=\/wp\/v2\/pages"}],"about":[{"href":"https:\/\/daniel-reyes.webaniel.com\/index.php?rest_route=\/wp\/v2\/types\/page"}],"author":[{"embeddable":true,"href":"https:\/\/daniel-reyes.webaniel.com\/index.php?rest_route=\/wp\/v2\/users\/1"}],"replies":[{"embeddable":true,"href":"https:\/\/daniel-reyes.webaniel.com\/index.php?rest_route=%2Fwp%2Fv2%2Fcomments&post=22"}],"version-history":[{"count":5,"href":"https:\/\/daniel-reyes.webaniel.com\/index.php?rest_route=\/wp\/v2\/pages\/22\/revisions"}],"predecessor-version":[{"id":49,"href":"https:\/\/daniel-reyes.webaniel.com\/index.php?rest_route=\/wp\/v2\/pages\/22\/revisions\/49"}],"wp:attachment":[{"href":"https:\/\/daniel-reyes.webaniel.com\/index.php?rest_route=%2Fwp%2Fv2%2Fmedia&parent=22"}],"curies":[{"name":"wp","href":"https:\/\/api.w.org\/{rel}","templated":true}]}}